{"id":548,"date":"2019-12-17T12:32:41","date_gmt":"2019-12-17T12:32:41","guid":{"rendered":"https:\/\/serveidemediacio.cat\/politica-de-privacidad\/"},"modified":"2019-12-18T07:46:08","modified_gmt":"2019-12-18T07:46:08","slug":"politica-de-privacidad","status":"publish","type":"page","link":"https:\/\/serveidemediacio.cat\/es\/politica-de-privacidad\/","title":{"rendered":"pol\u00edtica de privacidad"},"content":{"rendered":"<p>[et_pb_section fb_built=\u00bb1&#8243; _builder_version=\u00bb4.0.5&#8243; use_background_color_gradient=\u00bbon\u00bb background_color_gradient_start=\u00bbrgba(255,255,255,0.7)\u00bb background_color_gradient_end=\u00bb#ffffff\u00bb background_color_gradient_overlays_image=\u00bbon\u00bb background_image=\u00bbhttps:\/\/serveidemediacio.cat\/wp-content\/uploads\/2019\/11\/bg-fagic.jpg\u00bb][et_pb_row _builder_version=\u00bb4.0.5&#8243;][et_pb_column type=\u00bb4_4&#8243; _builder_version=\u00bb4.0.5&#8243;][et_pb_text _builder_version=\u00bb4.0.5&#8243; header_text_align=\u00bbcenter\u00bb header_text_color=\u00bb#b33a2f\u00bb header_font_size=\u00bb60px\u00bb]<\/p>\n<h1 style=\"text-align: center;\"><b>POL\u00cdTICA<\/b><strong>\u00a0DE\u00a0<\/strong><b>PRIVACIDAD<\/b><\/h1>\n<p>[\/et_pb_text][et_pb_divider color=\u00bb#b33a2f\u00bb divider_weight=\u00bb3px\u00bb _builder_version=\u00bb4.0.5&#8243; width=\u00bb10%\u00bb module_alignment=\u00bbcenter\u00bb][\/et_pb_divider][\/et_pb_column][\/et_pb_row][\/et_pb_section][et_pb_section fb_built=\u00bb1&#8243; admin_label=\u00bbContact Info\u00bb module_id=\u00bbcontactar\u00bb _builder_version=\u00bb4.0.5&#8243; background_color=\u00bb#ffffff\u00bb background_enable_image=\u00bboff\u00bb custom_padding=\u00bb0px||3vw|||\u00bb box_shadow_style=\u00bbpreset7&#8243; box_shadow_horizontal=\u00bb0px\u00bb box_shadow_vertical=\u00bb100px\u00bb box_shadow_color=\u00bb#ffffff\u00bb][et_pb_row _builder_version=\u00bb4.0.5&#8243;][et_pb_column type=\u00bb4_4&#8243; _builder_version=\u00bb4.0.5&#8243;][et_pb_text _builder_version=\u00bb4.0.5&#8243; hover_enabled=\u00bb0&#8243;]<\/p>\n<p>Serveimediacio.cat informa sobre su Pol\u00edtica de Privacidad respecto del tratamiento y protecci\u00f3n de los datos de car\u00e1cter personal de los usuarios que son recabados por la navegaci\u00f3n o utilizan servicios a trav\u00e9s de este sitio web.<\/p>\n<p>En este sentido, el Titular garantiza el cumplimiento de la normativa vigente en materia de protecci\u00f3n de datos personales, reflejada en la Ley Org\u00e1nica 3\/2018, de 5 de diciembre, de Protecci\u00f3n de Datos Personales y de Garant\u00eda de Derechos Digitales (LOPD GDD). Cumple tambi\u00e9n con el Reglamento (UE) 2016\/679 del Parlamento Europeo y del Consejo de 27 de abril de 2016 relativo a la protecci\u00f3n de las personas f\u00edsicas (RGPD).<\/p>\n<p>El uso de sitio web implica la aceptaci\u00f3n de esta Pol\u00edtica de Privacidad, as\u00ed como las condiciones incluidas en el <a href=\"https:\/\/serveidemediacio.cat\/es\/aviso-legal\/\">Aviso Legal.<\/a><\/p>\n<p>[\/et_pb_text][\/et_pb_column][\/et_pb_row][\/et_pb_section]<\/p>\n","protected":false},"excerpt":{"rendered":"<p>[et_pb_section fb_built=\u00bb1&#8243; _builder_version=\u00bb4.0.5&#8243; use_background_color_gradient=\u00bbon\u00bb background_color_gradient_start=\u00bbrgba(255,255,255,0.7)\u00bb background_color_gradient_end=\u00bb#ffffff\u00bb background_color_gradient_overlays_image=\u00bbon\u00bb background_image=\u00bbhttps:\/\/serveidemediacio.cat\/wp-content\/uploads\/2019\/11\/bg-fagic.jpg\u00bb][et_pb_row _builder_version=\u00bb4.0.5&#8243;][et_pb_column type=\u00bb4_4&#8243; _builder_version=\u00bb4.0.5&#8243;][et_pb_text _builder_version=\u00bb4.0.5&#8243; header_text_align=\u00bbcenter\u00bb header_text_color=\u00bb#b33a2f\u00bb header_font_size=\u00bb60px\u00bb] POL\u00cdTICA\u00a0DE\u00a0PRIVACIDAD [\/et_pb_text][et_pb_divider color=\u00bb#b33a2f\u00bb divider_weight=\u00bb3px\u00bb _builder_version=\u00bb4.0.5&#8243; width=\u00bb10%\u00bb module_alignment=\u00bbcenter\u00bb][\/et_pb_divider][\/et_pb_column][\/et_pb_row][\/et_pb_section][et_pb_section fb_built=\u00bb1&#8243; admin_label=\u00bbContact Info\u00bb module_id=\u00bbcontactar\u00bb _builder_version=\u00bb4.0.5&#8243; background_color=\u00bb#ffffff\u00bb background_enable_image=\u00bboff\u00bb custom_padding=\u00bb0px||3vw|||\u00bb box_shadow_style=\u00bbpreset7&#8243; box_shadow_horizontal=\u00bb0px\u00bb box_shadow_vertical=\u00bb100px\u00bb box_shadow_color=\u00bb#ffffff\u00bb][et_pb_row _builder_version=\u00bb4.0.5&#8243;][et_pb_column type=\u00bb4_4&#8243; _builder_version=\u00bb4.0.5&#8243;][et_pb_text _builder_version=\u00bb4.0.5&#8243; hover_enabled=\u00bb0&#8243;] Serveimediacio.cat informa sobre su Pol\u00edtica de Privacidad respecto del tratamiento y protecci\u00f3n de los datos de [&hellip;]<\/p>\n","protected":false},"author":3,"featured_media":0,"parent":0,"menu_order":0,"comment_status":"closed","ping_status":"closed","template":"","meta":{"_et_pb_use_builder":"on","_et_pb_old_content":"","_et_gb_content_width":"","footnotes":""},"class_list":["post-548","page","type-page","status-publish","hentry"],"_links":{"self":[{"href":"https:\/\/serveidemediacio.cat\/es\/wp-json\/wp\/v2\/pages\/548","targetHints":{"allow":["GET"]}}],"collection":[{"href":"https:\/\/serveidemediacio.cat\/es\/wp-json\/wp\/v2\/pages"}],"about":[{"href":"https:\/\/serveidemediacio.cat\/es\/wp-json\/wp\/v2\/types\/page"}],"author":[{"embeddable":true,"href":"https:\/\/serveidemediacio.cat\/es\/wp-json\/wp\/v2\/users\/3"}],"replies":[{"embeddable":true,"href":"https:\/\/serveidemediacio.cat\/es\/wp-json\/wp\/v2\/comments?post=548"}],"version-history":[{"count":3,"href":"https:\/\/serveidemediacio.cat\/es\/wp-json\/wp\/v2\/pages\/548\/revisions"}],"predecessor-version":[{"id":611,"href":"https:\/\/serveidemediacio.cat\/es\/wp-json\/wp\/v2\/pages\/548\/revisions\/611"}],"wp:attachment":[{"href":"https:\/\/serveidemediacio.cat\/es\/wp-json\/wp\/v2\/media?parent=548"}],"curies":[{"name":"wp","href":"https:\/\/api.w.org\/{rel}","templated":true}]}}